{"id":2,"date":"2013-11-06T11:55:36","date_gmt":"2013-11-06T11:55:36","guid":{"rendered":"http:\/\/silvialaura.com.ar\/home\/?page_id=2"},"modified":"2022-10-17T21:22:15","modified_gmt":"2022-10-17T21:22:15","slug":"pagina-ejemplo","status":"publish","type":"page","link":"http:\/\/silvialaura.com.ar\/home\/pagina-ejemplo\/","title":{"rendered":"Galer\u00eda"},"content":{"rendered":"<p>Algunas im\u00e1genes que llevo en mi coraz\u00f3n y comparto con ustedes&#8230;<\/p>\n<p><\/p>\n\n\n<figure class=\"wp-block-gallery has-nested-images columns-default is-cropped wp-block-gallery-1 is-layout-flex wp-block-gallery-is-layout-flex\">\n<figure class=\"wp-block-image size-large\"><a href=\"http:\/\/silvialaura.com.ar\/home\/wp-content\/uploads\/2022\/08\/con-Bocacci.jpg\"><img loading=\"lazy\" decoding=\"async\" width=\"1024\" height=\"768\" data-id=\"45\" src=\"http:\/\/silvialaura.com.ar\/home\/wp-content\/uploads\/2022\/08\/con-Bocacci-1024x768.jpg\" alt=\"\" class=\"wp-image-45\" srcset=\"http:\/\/silvialaura.com.ar\/home\/wp-content\/uploads\/2022\/08\/con-Bocacci-1024x768.jpg 1024w, http:\/\/silvialaura.com.ar\/home\/wp-content\/uploads\/2022\/08\/con-Bocacci-300x225.jpg 300w, http:\/\/silvialaura.com.ar\/home\/wp-content\/uploads\/2022\/08\/con-Bocacci-768x576.jpg 768w, http:\/\/silvialaura.com.ar\/home\/wp-content\/uploads\/2022\/08\/con-Bocacci-1536x1152.jpg 1536w, http:\/\/silvialaura.com.ar\/home\/wp-content\/uploads\/2022\/08\/con-Bocacci-1240x930.jpg 1240w, http:\/\/silvialaura.com.ar\/home\/wp-content\/uploads\/2022\/08\/con-Bocacci-508x381.jpg 508w, http:\/\/silvialaura.com.ar\/home\/wp-content\/uploads\/2022\/08\/con-Bocacci.jpg 2048w\" sizes=\"auto, (max-width: 1024px) 100vw, 1024px\" \/><\/a><\/figure>\n\n\n\n<figure class=\"wp-block-image size-large\"><a href=\"http:\/\/silvialaura.com.ar\/home\/wp-content\/uploads\/2022\/08\/con-Silvio-Soldan.jpg\"><img loading=\"lazy\" decoding=\"async\" width=\"569\" height=\"1024\" data-id=\"42\" src=\"http:\/\/silvialaura.com.ar\/home\/wp-content\/uploads\/2022\/08\/con-Silvio-Soldan-569x1024.jpg\" alt=\"\" class=\"wp-image-42\" srcset=\"http:\/\/silvialaura.com.ar\/home\/wp-content\/uploads\/2022\/08\/con-Silvio-Soldan-569x1024.jpg 569w, http:\/\/silvialaura.com.ar\/home\/wp-content\/uploads\/2022\/08\/con-Silvio-Soldan-167x300.jpg 167w, http:\/\/silvialaura.com.ar\/home\/wp-content\/uploads\/2022\/08\/con-Silvio-Soldan-768x1382.jpg 768w, http:\/\/silvialaura.com.ar\/home\/wp-content\/uploads\/2022\/08\/con-Silvio-Soldan-508x914.jpg 508w, http:\/\/silvialaura.com.ar\/home\/wp-content\/uploads\/2022\/08\/con-Silvio-Soldan.jpg 800w\" sizes=\"auto, (max-width: 569px) 100vw, 569px\" \/><\/a><\/figure>\n\n\n\n<figure class=\"wp-block-image size-large\"><a href=\"http:\/\/silvialaura.com.ar\/home\/wp-content\/uploads\/2022\/08\/premio-el-zorzal-Silvia-Laura.jpg\"><img loading=\"lazy\" decoding=\"async\" width=\"540\" height=\"720\" data-id=\"41\" src=\"http:\/\/silvialaura.com.ar\/home\/wp-content\/uploads\/2022\/08\/premio-el-zorzal-Silvia-Laura.jpg\" alt=\"\" class=\"wp-image-41\" srcset=\"http:\/\/silvialaura.com.ar\/home\/wp-content\/uploads\/2022\/08\/premio-el-zorzal-Silvia-Laura.jpg 540w, http:\/\/silvialaura.com.ar\/home\/wp-content\/uploads\/2022\/08\/premio-el-zorzal-Silvia-Laura-225x300.jpg 225w, http:\/\/silvialaura.com.ar\/home\/wp-content\/uploads\/2022\/08\/premio-el-zorzal-Silvia-Laura-508x677.jpg 508w\" sizes=\"auto, (max-width: 540px) 100vw, 540px\" \/><\/a><\/figure>\n\n\n\n<figure class=\"wp-block-image size-large\"><a href=\"http:\/\/silvialaura.com.ar\/home\/wp-content\/uploads\/2022\/08\/premios-Zorzal.jpg\"><img loading=\"lazy\" decoding=\"async\" width=\"1024\" height=\"691\" data-id=\"43\" src=\"http:\/\/silvialaura.com.ar\/home\/wp-content\/uploads\/2022\/08\/premios-Zorzal-1024x691.jpg\" alt=\"\" class=\"wp-image-43\" srcset=\"http:\/\/silvialaura.com.ar\/home\/wp-content\/uploads\/2022\/08\/premios-Zorzal-1024x691.jpg 1024w, http:\/\/silvialaura.com.ar\/home\/wp-content\/uploads\/2022\/08\/premios-Zorzal-300x202.jpg 300w, http:\/\/silvialaura.com.ar\/home\/wp-content\/uploads\/2022\/08\/premios-Zorzal-768x518.jpg 768w, http:\/\/silvialaura.com.ar\/home\/wp-content\/uploads\/2022\/08\/premios-Zorzal-1536x1036.jpg 1536w, http:\/\/silvialaura.com.ar\/home\/wp-content\/uploads\/2022\/08\/premios-Zorzal-1240x837.jpg 1240w, http:\/\/silvialaura.com.ar\/home\/wp-content\/uploads\/2022\/08\/premios-Zorzal-508x343.jpg 508w, http:\/\/silvialaura.com.ar\/home\/wp-content\/uploads\/2022\/08\/premios-Zorzal.jpg 1964w\" sizes=\"auto, (max-width: 1024px) 100vw, 1024px\" \/><\/a><\/figure>\n<\/figure>\n\n\n\n<figure class=\"wp-block-gallery has-nested-images columns-default is-cropped wp-block-gallery-2 is-layout-flex wp-block-gallery-is-layout-flex\">\n<figure class=\"wp-block-image size-large\"><a href=\"http:\/\/silvialaura.com.ar\/home\/wp-content\/uploads\/2022\/10\/1-1-scaled.jpg\"><img loading=\"lazy\" decoding=\"async\" width=\"1024\" height=\"819\" data-id=\"55\" src=\"http:\/\/silvialaura.com.ar\/home\/wp-content\/uploads\/2022\/10\/1-1-1024x819.jpg\" alt=\"\" class=\"wp-image-55\" srcset=\"http:\/\/silvialaura.com.ar\/home\/wp-content\/uploads\/2022\/10\/1-1-1024x819.jpg 1024w, http:\/\/silvialaura.com.ar\/home\/wp-content\/uploads\/2022\/10\/1-1-300x240.jpg 300w, http:\/\/silvialaura.com.ar\/home\/wp-content\/uploads\/2022\/10\/1-1-768x614.jpg 768w, http:\/\/silvialaura.com.ar\/home\/wp-content\/uploads\/2022\/10\/1-1-1536x1229.jpg 1536w, http:\/\/silvialaura.com.ar\/home\/wp-content\/uploads\/2022\/10\/1-1-2048x1638.jpg 2048w, http:\/\/silvialaura.com.ar\/home\/wp-content\/uploads\/2022\/10\/1-1-1240x992.jpg 1240w, http:\/\/silvialaura.com.ar\/home\/wp-content\/uploads\/2022\/10\/1-1-508x406.jpg 508w\" sizes=\"auto, (max-width: 1024px) 100vw, 1024px\" \/><\/a><\/figure>\n\n\n\n<figure class=\"wp-block-image size-large\"><a href=\"http:\/\/silvialaura.com.ar\/home\/wp-content\/uploads\/2022\/10\/1-scaled.jpg\"><img loading=\"lazy\" decoding=\"async\" width=\"683\" height=\"1024\" data-id=\"52\" src=\"http:\/\/silvialaura.com.ar\/home\/wp-content\/uploads\/2022\/10\/1-683x1024.jpg\" alt=\"\" class=\"wp-image-52\" srcset=\"http:\/\/silvialaura.com.ar\/home\/wp-content\/uploads\/2022\/10\/1-683x1024.jpg 683w, http:\/\/silvialaura.com.ar\/home\/wp-content\/uploads\/2022\/10\/1-200x300.jpg 200w, http:\/\/silvialaura.com.ar\/home\/wp-content\/uploads\/2022\/10\/1-768x1152.jpg 768w, http:\/\/silvialaura.com.ar\/home\/wp-content\/uploads\/2022\/10\/1-1024x1536.jpg 1024w, http:\/\/silvialaura.com.ar\/home\/wp-content\/uploads\/2022\/10\/1-1365x2048.jpg 1365w, http:\/\/silvialaura.com.ar\/home\/wp-content\/uploads\/2022\/10\/1-1240x1860.jpg 1240w, http:\/\/silvialaura.com.ar\/home\/wp-content\/uploads\/2022\/10\/1-508x762.jpg 508w, http:\/\/silvialaura.com.ar\/home\/wp-content\/uploads\/2022\/10\/1-scaled.jpg 1707w\" sizes=\"auto, (max-width: 683px) 100vw, 683px\" \/><\/a><\/figure>\n\n\n\n<figure class=\"wp-block-image size-large\"><a href=\"http:\/\/silvialaura.com.ar\/home\/wp-content\/uploads\/2022\/10\/3-1.jpg\"><img loading=\"lazy\" decoding=\"async\" width=\"1024\" height=\"739\" data-id=\"51\" src=\"http:\/\/silvialaura.com.ar\/home\/wp-content\/uploads\/2022\/10\/3-1-1024x739.jpg\" alt=\"\" class=\"wp-image-51\" srcset=\"http:\/\/silvialaura.com.ar\/home\/wp-content\/uploads\/2022\/10\/3-1-1024x739.jpg 1024w, http:\/\/silvialaura.com.ar\/home\/wp-content\/uploads\/2022\/10\/3-1-300x217.jpg 300w, http:\/\/silvialaura.com.ar\/home\/wp-content\/uploads\/2022\/10\/3-1-768x555.jpg 768w, http:\/\/silvialaura.com.ar\/home\/wp-content\/uploads\/2022\/10\/3-1-1536x1109.jpg 1536w, http:\/\/silvialaura.com.ar\/home\/wp-content\/uploads\/2022\/10\/3-1-2048x1479.jpg 2048w, http:\/\/silvialaura.com.ar\/home\/wp-content\/uploads\/2022\/10\/3-1-1240x895.jpg 1240w, http:\/\/silvialaura.com.ar\/home\/wp-content\/uploads\/2022\/10\/3-1-508x367.jpg 508w\" sizes=\"auto, (max-width: 1024px) 100vw, 1024px\" \/><\/a><\/figure>\n\n\n\n<figure class=\"wp-block-image size-large\"><a href=\"http:\/\/silvialaura.com.ar\/home\/wp-content\/uploads\/2022\/10\/3-scaled.jpg\"><img loading=\"lazy\" decoding=\"async\" width=\"1024\" height=\"683\" data-id=\"53\" src=\"http:\/\/silvialaura.com.ar\/home\/wp-content\/uploads\/2022\/10\/3-1024x683.jpg\" alt=\"\" class=\"wp-image-53\" srcset=\"http:\/\/silvialaura.com.ar\/home\/wp-content\/uploads\/2022\/10\/3-1024x683.jpg 1024w, http:\/\/silvialaura.com.ar\/home\/wp-content\/uploads\/2022\/10\/3-300x200.jpg 300w, http:\/\/silvialaura.com.ar\/home\/wp-content\/uploads\/2022\/10\/3-768x512.jpg 768w, http:\/\/silvialaura.com.ar\/home\/wp-content\/uploads\/2022\/10\/3-1536x1024.jpg 1536w, http:\/\/silvialaura.com.ar\/home\/wp-content\/uploads\/2022\/10\/3-2048x1365.jpg 2048w, http:\/\/silvialaura.com.ar\/home\/wp-content\/uploads\/2022\/10\/3-1240x827.jpg 1240w, http:\/\/silvialaura.com.ar\/home\/wp-content\/uploads\/2022\/10\/3-508x339.jpg 508w\" sizes=\"auto, (max-width: 1024px) 100vw, 1024px\" \/><\/a><\/figure>\n\n\n\n<figure class=\"wp-block-image size-large\"><a href=\"http:\/\/silvialaura.com.ar\/home\/wp-content\/uploads\/2022\/10\/4-scaled.jpg\"><img loading=\"lazy\" decoding=\"async\" width=\"1024\" height=\"683\" data-id=\"54\" src=\"http:\/\/silvialaura.com.ar\/home\/wp-content\/uploads\/2022\/10\/4-1024x683.jpg\" alt=\"\" class=\"wp-image-54\" srcset=\"http:\/\/silvialaura.com.ar\/home\/wp-content\/uploads\/2022\/10\/4-1024x683.jpg 1024w, http:\/\/silvialaura.com.ar\/home\/wp-content\/uploads\/2022\/10\/4-300x200.jpg 300w, http:\/\/silvialaura.com.ar\/home\/wp-content\/uploads\/2022\/10\/4-768x512.jpg 768w, http:\/\/silvialaura.com.ar\/home\/wp-content\/uploads\/2022\/10\/4-1536x1024.jpg 1536w, http:\/\/silvialaura.com.ar\/home\/wp-content\/uploads\/2022\/10\/4-2048x1365.jpg 2048w, http:\/\/silvialaura.com.ar\/home\/wp-content\/uploads\/2022\/10\/4-1240x827.jpg 1240w, http:\/\/silvialaura.com.ar\/home\/wp-content\/uploads\/2022\/10\/4-508x339.jpg 508w\" sizes=\"auto, (max-width: 1024px) 100vw, 1024px\" \/><\/a><\/figure>\n\n\n\n<figure class=\"wp-block-image size-large\"><a href=\"http:\/\/silvialaura.com.ar\/home\/wp-content\/uploads\/2022\/10\/7-scaled.jpg\"><img loading=\"lazy\" decoding=\"async\" width=\"1024\" height=\"819\" data-id=\"59\" src=\"http:\/\/silvialaura.com.ar\/home\/wp-content\/uploads\/2022\/10\/7-1024x819.jpg\" alt=\"\" class=\"wp-image-59\" srcset=\"http:\/\/silvialaura.com.ar\/home\/wp-content\/uploads\/2022\/10\/7-1024x819.jpg 1024w, http:\/\/silvialaura.com.ar\/home\/wp-content\/uploads\/2022\/10\/7-300x240.jpg 300w, http:\/\/silvialaura.com.ar\/home\/wp-content\/uploads\/2022\/10\/7-768x614.jpg 768w, http:\/\/silvialaura.com.ar\/home\/wp-content\/uploads\/2022\/10\/7-1536x1229.jpg 1536w, http:\/\/silvialaura.com.ar\/home\/wp-content\/uploads\/2022\/10\/7-2048x1638.jpg 2048w, http:\/\/silvialaura.com.ar\/home\/wp-content\/uploads\/2022\/10\/7-1240x992.jpg 1240w, http:\/\/silvialaura.com.ar\/home\/wp-content\/uploads\/2022\/10\/7-508x406.jpg 508w\" sizes=\"auto, (max-width: 1024px) 100vw, 1024px\" \/><\/a><\/figure>\n\n\n\n<figure class=\"wp-block-image size-large\"><a href=\"http:\/\/silvialaura.com.ar\/home\/wp-content\/uploads\/2022\/10\/9-1-scaled.jpg\"><img loading=\"lazy\" decoding=\"async\" width=\"1024\" height=\"683\" data-id=\"57\" src=\"http:\/\/silvialaura.com.ar\/home\/wp-content\/uploads\/2022\/10\/9-1-1024x683.jpg\" alt=\"\" class=\"wp-image-57\" srcset=\"http:\/\/silvialaura.com.ar\/home\/wp-content\/uploads\/2022\/10\/9-1-1024x683.jpg 1024w, http:\/\/silvialaura.com.ar\/home\/wp-content\/uploads\/2022\/10\/9-1-300x200.jpg 300w, http:\/\/silvialaura.com.ar\/home\/wp-content\/uploads\/2022\/10\/9-1-768x512.jpg 768w, http:\/\/silvialaura.com.ar\/home\/wp-content\/uploads\/2022\/10\/9-1-1536x1024.jpg 1536w, http:\/\/silvialaura.com.ar\/home\/wp-content\/uploads\/2022\/10\/9-1-2048x1365.jpg 2048w, http:\/\/silvialaura.com.ar\/home\/wp-content\/uploads\/2022\/10\/9-1-1240x827.jpg 1240w, http:\/\/silvialaura.com.ar\/home\/wp-content\/uploads\/2022\/10\/9-1-508x339.jpg 508w\" sizes=\"auto, (max-width: 1024px) 100vw, 1024px\" \/><\/a><\/figure>\n\n\n\n<figure class=\"wp-block-image size-large\"><a href=\"http:\/\/silvialaura.com.ar\/home\/wp-content\/uploads\/2022\/10\/10-scaled.jpg\"><img loading=\"lazy\" decoding=\"async\" width=\"1024\" height=\"683\" data-id=\"58\" src=\"http:\/\/silvialaura.com.ar\/home\/wp-content\/uploads\/2022\/10\/10-1024x683.jpg\" alt=\"\" class=\"wp-image-58\" srcset=\"http:\/\/silvialaura.com.ar\/home\/wp-content\/uploads\/2022\/10\/10-1024x683.jpg 1024w, http:\/\/silvialaura.com.ar\/home\/wp-content\/uploads\/2022\/10\/10-300x200.jpg 300w, http:\/\/silvialaura.com.ar\/home\/wp-content\/uploads\/2022\/10\/10-768x512.jpg 768w, http:\/\/silvialaura.com.ar\/home\/wp-content\/uploads\/2022\/10\/10-1536x1024.jpg 1536w, http:\/\/silvialaura.com.ar\/home\/wp-content\/uploads\/2022\/10\/10-2048x1365.jpg 2048w, http:\/\/silvialaura.com.ar\/home\/wp-content\/uploads\/2022\/10\/10-1240x827.jpg 1240w, http:\/\/silvialaura.com.ar\/home\/wp-content\/uploads\/2022\/10\/10-508x339.jpg 508w\" sizes=\"auto, (max-width: 1024px) 100vw, 1024px\" \/><\/a><\/figure>\n\n\n\n<figure class=\"wp-block-image size-large\"><a href=\"http:\/\/silvialaura.com.ar\/home\/wp-content\/uploads\/2022\/10\/11-1-scaled.jpg\"><img loading=\"lazy\" decoding=\"async\" width=\"1024\" height=\"683\" data-id=\"60\" src=\"http:\/\/silvialaura.com.ar\/home\/wp-content\/uploads\/2022\/10\/11-1-1024x683.jpg\" alt=\"\" class=\"wp-image-60\" srcset=\"http:\/\/silvialaura.com.ar\/home\/wp-content\/uploads\/2022\/10\/11-1-1024x683.jpg 1024w, http:\/\/silvialaura.com.ar\/home\/wp-content\/uploads\/2022\/10\/11-1-300x200.jpg 300w, http:\/\/silvialaura.com.ar\/home\/wp-content\/uploads\/2022\/10\/11-1-768x512.jpg 768w, http:\/\/silvialaura.com.ar\/home\/wp-content\/uploads\/2022\/10\/11-1-1536x1024.jpg 1536w, http:\/\/silvialaura.com.ar\/home\/wp-content\/uploads\/2022\/10\/11-1-2048x1365.jpg 2048w, http:\/\/silvialaura.com.ar\/home\/wp-content\/uploads\/2022\/10\/11-1-1240x827.jpg 1240w, http:\/\/silvialaura.com.ar\/home\/wp-content\/uploads\/2022\/10\/11-1-508x339.jpg 508w\" sizes=\"auto, (max-width: 1024px) 100vw, 1024px\" \/><\/a><\/figure>\n<\/figure>\n","protected":false},"excerpt":{"rendered":"<p>Algunas im\u00e1genes que llevo en mi coraz\u00f3n y comparto con ustedes&#8230;<\/p>\n","protected":false},"author":2,"featured_media":0,"parent":0,"menu_order":0,"comment_status":"open","ping_status":"open","template":"","meta":{"footnotes":""},"class_list":["post-2","page","type-page","status-publish","hentry"],"_links":{"self":[{"href":"http:\/\/silvialaura.com.ar\/home\/wp-json\/wp\/v2\/pages\/2","targetHints":{"allow":["GET"]}}],"collection":[{"href":"http:\/\/silvialaura.com.ar\/home\/wp-json\/wp\/v2\/pages"}],"about":[{"href":"http:\/\/silvialaura.com.ar\/home\/wp-json\/wp\/v2\/types\/page"}],"author":[{"embeddable":true,"href":"http:\/\/silvialaura.com.ar\/home\/wp-json\/wp\/v2\/users\/2"}],"replies":[{"embeddable":true,"href":"http:\/\/silvialaura.com.ar\/home\/wp-json\/wp\/v2\/comments?post=2"}],"version-history":[{"count":4,"href":"http:\/\/silvialaura.com.ar\/home\/wp-json\/wp\/v2\/pages\/2\/revisions"}],"predecessor-version":[{"id":61,"href":"http:\/\/silvialaura.com.ar\/home\/wp-json\/wp\/v2\/pages\/2\/revisions\/61"}],"wp:attachment":[{"href":"http:\/\/silvialaura.com.ar\/home\/wp-json\/wp\/v2\/media?parent=2"}],"curies":[{"name":"wp","href":"https:\/\/api.w.org\/{rel}","templated":true}]}}